{"id":162,"date":"2018-08-03T11:53:37","date_gmt":"2018-08-03T09:53:37","guid":{"rendered":"https:\/\/wp.uni-koblenz.de\/elideutsch\/?page_id=162"},"modified":"2023-07-26T10:56:29","modified_gmt":"2023-07-26T08:56:29","slug":"dinosaurier","status":"publish","type":"page","link":"https:\/\/elideutsch.nuw.rptu.de\/?page_id=162","title":{"rendered":"Dinosaurier"},"content":{"rendered":"\t\t<div data-elementor-type=\"wp-page\" data-elementor-id=\"162\" class=\"elementor elementor-162\">\n\t\t\t\t\t\t\t<div class=\"elementor-element elementor-element-31018edc e-flex e-con-boxed e-con\" data-id=\"31018edc\" data-element_type=\"container\" data-settings=\"{&quot;content_width&quot;:&quot;boxed&quot;}\">\n\t\t\t\t\t<div class=\"e-con-inner\">\n\t\t\t\t<div class=\"elementor-element elementor-element-176a597d elementor-widget elementor-widget-image\" data-id=\"176a597d\" data-element_type=\"widget\" data-widget_type=\"image.default\">\n\t\t\t\t<div class=\"elementor-widget-container\">\n\t\t\t<style>\/*! elementor - v3.15.0 - 20-08-2023 *\/\n.elementor-widget-image{text-align:center}.elementor-widget-image a{display:inline-block}.elementor-widget-image a img[src$=\".svg\"]{width:48px}.elementor-widget-image img{vertical-align:middle;display:inline-block}<\/style>\t\t\t\t\t\t\t\t\t\t\t\t\t<a href=\"https:\/\/elideutsch.nuw.rptu.de\/wp-content\/uploads\/2020\/10\/ELI_006_Foto_01-1.jpg\" data-elementor-open-lightbox=\"no\">\n\t\t\t\t\t\t\t<img loading=\"lazy\" decoding=\"async\" width=\"150\" height=\"150\" src=\"https:\/\/elideutsch.nuw.rptu.de\/wp-content\/uploads\/2020\/10\/ELI_006_Foto_01-1-150x150.jpg\" class=\"attachment-thumbnail size-thumbnail wp-image-1087\" alt=\"\" srcset=\"https:\/\/elideutsch.nuw.rptu.de\/wp-content\/uploads\/2020\/10\/ELI_006_Foto_01-1-150x150.jpg 150w, https:\/\/elideutsch.nuw.rptu.de\/wp-content\/uploads\/2020\/10\/ELI_006_Foto_01-1-100x100.jpg 100w\" sizes=\"auto, (max-width: 150px) 100vw, 150px\" \/>\t\t\t\t\t\t\t\t<\/a>\n\t\t\t\t\t\t\t\t\t\t\t\t\t\t\t<\/div>\n\t\t\t\t<\/div>\n\t\t\t\t<div class=\"elementor-element elementor-element-33446af4 elementor-widget elementor-widget-text-editor\" data-id=\"33446af4\" data-element_type=\"widget\" data-widget_type=\"text-editor.default\">\n\t\t\t\t<div class=\"elementor-widget-container\">\n\t\t\t<style>\/*! elementor - v3.15.0 - 20-08-2023 *\/\n.elementor-widget-text-editor.elementor-drop-cap-view-stacked .elementor-drop-cap{background-color:#69727d;color:#fff}.elementor-widget-text-editor.elementor-drop-cap-view-framed .elementor-drop-cap{color:#69727d;border:3px solid;background-color:transparent}.elementor-widget-text-editor:not(.elementor-drop-cap-view-default) .elementor-drop-cap{margin-top:8px}.elementor-widget-text-editor:not(.elementor-drop-cap-view-default) .elementor-drop-cap-letter{width:1em;height:1em}.elementor-widget-text-editor .elementor-drop-cap{float:left;text-align:center;line-height:1;font-size:50px}.elementor-widget-text-editor .elementor-drop-cap-letter{display:inline-block}<\/style>\t\t\t\t<p><!-- wp:separator --><\/p>\n<p><!-- \/wp:separator --><\/p>\n<p><strong>Dinosaurier ausgraben!<\/strong><br \/>Wie man ein Fossilienj\u00e4ger wird und einen Dinosaurier ausgr\u00e4bt<\/p>\n<p><a href=\"https:\/\/elideutsch.nuw.rptu.de\/wp-content\/uploads\/2020\/10\/006-eli-Dinosaurier-ausgraben-1-1.pdf\" target=\"_blank\" rel=\"noopener\"><strong>P<\/strong><strong>DF der Idee<\/strong><\/a><\/p>\n<p><!-- \/wp:uagb\/container --><\/p>\t\t\t\t\t\t<\/div>\n\t\t\t\t<\/div>\n\t\t\t\t\t<\/div>\n\t\t\t\t<\/div>\n\t\t<div class=\"elementor-element elementor-element-b8d3791 e-flex e-con-boxed e-con\" data-id=\"b8d3791\" data-element_type=\"container\" data-settings=\"{&quot;content_width&quot;:&quot;boxed&quot;}\">\n\t\t\t\t\t<div class=\"e-con-inner\">\n\t\t\t\t\t<\/div>\n\t\t\t\t<\/div>\n\t\t<div class=\"elementor-element elementor-element-64c24c2b e-flex e-con-boxed e-con\" data-id=\"64c24c2b\" data-element_type=\"container\" data-settings=\"{&quot;content_width&quot;:&quot;boxed&quot;}\">\n\t\t\t\t\t<div class=\"e-con-inner\">\n\t\t\t\t<div class=\"elementor-element elementor-element-4ddd0f24 elementor-widget elementor-widget-image\" data-id=\"4ddd0f24\" data-element_type=\"widget\" data-widget_type=\"image.default\">\n\t\t\t\t<div class=\"elementor-widget-container\">\n\t\t\t\t\t\t\t\t\t\t\t\t\t\t\t\t<a href=\"https:\/\/elideutsch.nuw.rptu.de\/wp-content\/uploads\/2020\/10\/ELI_013_Foto_04-1.jpg\" data-elementor-open-lightbox=\"no\">\n\t\t\t\t\t\t\t<img loading=\"lazy\" decoding=\"async\" width=\"150\" height=\"150\" src=\"https:\/\/elideutsch.nuw.rptu.de\/wp-content\/uploads\/2020\/10\/ELI_013_Foto_04-1-150x150.jpg\" class=\"attachment-thumbnail size-thumbnail wp-image-1097\" alt=\"\" srcset=\"https:\/\/elideutsch.nuw.rptu.de\/wp-content\/uploads\/2020\/10\/ELI_013_Foto_04-1-150x150.jpg 150w, https:\/\/elideutsch.nuw.rptu.de\/wp-content\/uploads\/2020\/10\/ELI_013_Foto_04-1-100x100.jpg 100w\" sizes=\"auto, (max-width: 150px) 100vw, 150px\" \/>\t\t\t\t\t\t\t\t<\/a>\n\t\t\t\t\t\t\t\t\t\t\t\t\t\t\t<\/div>\n\t\t\t\t<\/div>\n\t\t\t\t<div class=\"elementor-element elementor-element-3aa7de43 elementor-widget elementor-widget-text-editor\" data-id=\"3aa7de43\" data-element_type=\"widget\" data-widget_type=\"text-editor.default\">\n\t\t\t\t<div class=\"elementor-widget-container\">\n\t\t\t\t\t\t\t<p><!-- wp:separator --><\/p>\n<p><!-- \/wp:separator --><\/p>\n<p><strong>Das Treffen der Dinosaurier &#8211; vor 100 Mio. Jahren<\/strong><br \/>Hinweise durch Dinosaurier-Fu\u00dfspuren<\/p>\n<p><a href=\"https:\/\/elideutsch.nuw.rptu.de\/wp-content\/uploads\/2020\/10\/013-eli-Dinosaurier-Fussspuren-2-1.pdf\" target=\"_blank\" rel=\"noopener\"><strong>P<\/strong><strong>DF der Idee<\/strong><\/a><\/p>\n<p><!-- \/wp:uagb\/container --><\/p>\t\t\t\t\t\t<\/div>\n\t\t\t\t<\/div>\n\t\t\t\t\t<\/div>\n\t\t\t\t<\/div>\n\t\t<div class=\"elementor-element elementor-element-88fd2d7 e-flex e-con-boxed e-con\" data-id=\"88fd2d7\" data-element_type=\"container\" data-settings=\"{&quot;content_width&quot;:&quot;boxed&quot;}\">\n\t\t\t\t\t<div class=\"e-con-inner\">\n\t\t\t\t\t<\/div>\n\t\t\t\t<\/div>\n\t\t<div class=\"elementor-element elementor-element-7ca37b0d e-flex e-con-boxed e-con\" data-id=\"7ca37b0d\" data-element_type=\"container\" data-settings=\"{&quot;content_width&quot;:&quot;boxed&quot;}\">\n\t\t\t\t\t<div class=\"e-con-inner\">\n\t\t\t\t<div class=\"elementor-element elementor-element-6c0c591e elementor-widget elementor-widget-image\" data-id=\"6c0c591e\" data-element_type=\"widget\" data-widget_type=\"image.default\">\n\t\t\t\t<div class=\"elementor-widget-container\">\n\t\t\t\t\t\t\t\t\t\t\t\t\t\t\t\t<a href=\"https:\/\/elideutsch.nuw.rptu.de\/wp-content\/uploads\/2020\/10\/ELI_014_Foto_01-1.jpg\" data-elementor-open-lightbox=\"no\">\n\t\t\t\t\t\t\t<img loading=\"lazy\" decoding=\"async\" width=\"150\" height=\"150\" src=\"https:\/\/elideutsch.nuw.rptu.de\/wp-content\/uploads\/2020\/10\/ELI_014_Foto_01-1-150x150.jpg\" class=\"attachment-thumbnail size-thumbnail wp-image-1060\" alt=\"\" srcset=\"https:\/\/elideutsch.nuw.rptu.de\/wp-content\/uploads\/2020\/10\/ELI_014_Foto_01-1-150x150.jpg 150w, https:\/\/elideutsch.nuw.rptu.de\/wp-content\/uploads\/2020\/10\/ELI_014_Foto_01-1-100x100.jpg 100w\" sizes=\"auto, (max-width: 150px) 100vw, 150px\" \/>\t\t\t\t\t\t\t\t<\/a>\n\t\t\t\t\t\t\t\t\t\t\t\t\t\t\t<\/div>\n\t\t\t\t<\/div>\n\t\t\t\t<div class=\"elementor-element elementor-element-68a52477 elementor-widget elementor-widget-text-editor\" data-id=\"68a52477\" data-element_type=\"widget\" data-widget_type=\"text-editor.default\">\n\t\t\t\t<div class=\"elementor-widget-container\">\n\t\t\t\t\t\t\t<p><!-- wp:separator --><\/p>\n<p><!-- \/wp:separator --><\/p>\n<p><strong>Wie wiegt man einen Dinosaurier?<\/strong><br \/>Anhand eines Dinosaurierfu\u00dfabdrucks kann man das Gesamtgewicht des Tieres ermitteln<\/p>\n<p><a href=\"https:\/\/elideutsch.nuw.rptu.de\/wp-content\/uploads\/2020\/10\/014-eli-Wie-wiegt-ma-einen-Dinosaurier-1.pdf\" target=\"_blank\" rel=\"noopener\"><strong>P<\/strong><strong>DF der Idee<\/strong><\/a><\/p>\n<p><!-- \/wp:uagb\/container --><\/p>\t\t\t\t\t\t<\/div>\n\t\t\t\t<\/div>\n\t\t\t\t\t<\/div>\n\t\t\t\t<\/div>\n\t\t<div class=\"elementor-element elementor-element-fdb4871 e-flex e-con-boxed e-con\" data-id=\"fdb4871\" data-element_type=\"container\" data-settings=\"{&quot;content_width&quot;:&quot;boxed&quot;}\">\n\t\t\t\t\t<div class=\"e-con-inner\">\n\t\t\t\t\t<\/div>\n\t\t\t\t<\/div>\n\t\t<div class=\"elementor-element elementor-element-697ccd4c e-flex e-con-boxed e-con\" data-id=\"697ccd4c\" data-element_type=\"container\" data-settings=\"{&quot;content_width&quot;:&quot;boxed&quot;}\">\n\t\t\t\t\t<div class=\"e-con-inner\">\n\t\t\t\t<div class=\"elementor-element elementor-element-2e9ecf74 elementor-widget elementor-widget-image\" data-id=\"2e9ecf74\" data-element_type=\"widget\" data-widget_type=\"image.default\">\n\t\t\t\t<div class=\"elementor-widget-container\">\n\t\t\t\t\t\t\t\t\t\t\t\t\t\t\t\t<a href=\"https:\/\/elideutsch.nuw.rptu.de\/wp-content\/uploads\/2021\/09\/BeweisA-1.jpg\" data-elementor-open-lightbox=\"no\">\n\t\t\t\t\t\t\t<img loading=\"lazy\" decoding=\"async\" width=\"150\" height=\"150\" src=\"https:\/\/elideutsch.nuw.rptu.de\/wp-content\/uploads\/2021\/09\/BeweisA-1-150x150.jpg\" class=\"attachment-thumbnail size-thumbnail wp-image-1268\" alt=\"\" srcset=\"https:\/\/elideutsch.nuw.rptu.de\/wp-content\/uploads\/2021\/09\/BeweisA-1-150x150.jpg 150w, https:\/\/elideutsch.nuw.rptu.de\/wp-content\/uploads\/2021\/09\/BeweisA-1-100x100.jpg 100w\" sizes=\"auto, (max-width: 150px) 100vw, 150px\" \/>\t\t\t\t\t\t\t\t<\/a>\n\t\t\t\t\t\t\t\t\t\t\t\t\t\t\t<\/div>\n\t\t\t\t<\/div>\n\t\t\t\t<div class=\"elementor-element elementor-element-72a7d700 elementor-widget__width-initial elementor-widget elementor-widget-text-editor\" data-id=\"72a7d700\" data-element_type=\"widget\" data-widget_type=\"text-editor.default\">\n\t\t\t\t<div class=\"elementor-widget-container\">\n\t\t\t\t\t\t\t<p><!-- wp:separator --><\/p>\n<p><!-- \/wp:separator --><\/p>\n<p><strong>Dinosauriertod &#8211; Ist er gestorben oder wurde er get\u00f6tet?<\/strong><br \/>War das ein kreidezeitlicher Tatort? &#8211; Benutze forensische Beweise wie Gesteine und Fossilien und finde es heraus.<\/p>\n<p><a href=\"https:\/\/elideutsch.nuw.rptu.de\/wp-content\/uploads\/2021\/09\/090-eli-Dinosaueriertod-1.pdf\" target=\"_blank\" rel=\"noopener\"><strong>PDF der Idee<\/strong><\/a><\/p>\n<p><!-- \/wp:uagb\/container --><\/p>\t\t\t\t\t\t<\/div>\n\t\t\t\t<\/div>\n\t\t\t\t\t<\/div>\n\t\t\t\t<\/div>\n\t\t\t\t\t\t\t<\/div>\n\t\t","protected":false},"excerpt":{"rendered":"<p>Dinosaurier ausgraben!Wie man ein Fossilienj\u00e4ger wird und einen Dinosaurier ausgr\u00e4bt PDF der Idee Das Treffen der Dinosaurier &#8211; vor 100 Mio. JahrenHinweise durch Dinosaurier-Fu\u00dfspuren PDF der Idee Wie wiegt man einen Dinosaurier?Anhand eines Dinosaurierfu\u00dfabdrucks kann man das Gesamtgewicht des Tieres ermitteln PDF der Idee Dinosauriertod &#8211; Ist er gestorben oder wurde er get\u00f6tet?War das ein&hellip;&nbsp;<a href=\"https:\/\/elideutsch.nuw.rptu.de\/?page_id=162\" class=\"\" rel=\"bookmark\">Weiterlesen &raquo;<span class=\"screen-reader-text\">Dinosaurier<\/span><\/a><\/p>\n","protected":false},"author":2,"featured_media":0,"parent":0,"menu_order":0,"comment_status":"closed","ping_status":"closed","template":"","meta":{"neve_meta_sidebar":"","neve_meta_container":"","neve_meta_enable_content_width":"","neve_meta_content_width":0,"neve_meta_title_alignment":"","neve_meta_author_avatar":"","neve_post_elements_order":"","neve_meta_disable_header":"","neve_meta_disable_footer":"","neve_meta_disable_title":"","footnotes":""},"class_list":["post-162","page","type-page","status-publish","hentry"],"_links":{"self":[{"href":"https:\/\/elideutsch.nuw.rptu.de\/index.php?rest_route=\/wp\/v2\/pages\/162","targetHints":{"allow":["GET"]}}],"collection":[{"href":"https:\/\/elideutsch.nuw.rptu.de\/index.php?rest_route=\/wp\/v2\/pages"}],"about":[{"href":"https:\/\/elideutsch.nuw.rptu.de\/index.php?rest_route=\/wp\/v2\/types\/page"}],"author":[{"embeddable":true,"href":"https:\/\/elideutsch.nuw.rptu.de\/index.php?rest_route=\/wp\/v2\/users\/2"}],"replies":[{"embeddable":true,"href":"https:\/\/elideutsch.nuw.rptu.de\/index.php?rest_route=%2Fwp%2Fv2%2Fcomments&post=162"}],"version-history":[{"count":33,"href":"https:\/\/elideutsch.nuw.rptu.de\/index.php?rest_route=\/wp\/v2\/pages\/162\/revisions"}],"predecessor-version":[{"id":2795,"href":"https:\/\/elideutsch.nuw.rptu.de\/index.php?rest_route=\/wp\/v2\/pages\/162\/revisions\/2795"}],"wp:attachment":[{"href":"https:\/\/elideutsch.nuw.rptu.de\/index.php?rest_route=%2Fwp%2Fv2%2Fmedia&parent=162"}],"curies":[{"name":"wp","href":"https:\/\/api.w.org\/{rel}","templated":true}]}}