{"id":286,"date":"2018-08-07T10:58:18","date_gmt":"2018-08-07T08:58:18","guid":{"rendered":"https:\/\/wp.uni-koblenz.de\/elideutsch\/?page_id=286"},"modified":"2023-07-26T10:45:36","modified_gmt":"2023-07-26T08:45:36","slug":"vulkanismus","status":"publish","type":"page","link":"https:\/\/elideutsch.nuw.rptu.de\/?page_id=286","title":{"rendered":"Vulkanismus"},"content":{"rendered":"\t\t<div data-elementor-type=\"wp-page\" data-elementor-id=\"286\" class=\"elementor elementor-286\">\n\t\t\t\t\t\t\t<div class=\"elementor-element elementor-element-1edfc9bd e-flex e-con-boxed e-con\" data-id=\"1edfc9bd\" data-element_type=\"container\" data-settings=\"{&quot;content_width&quot;:&quot;boxed&quot;}\">\n\t\t\t\t\t<div class=\"e-con-inner\">\n\t\t\t\t<div class=\"elementor-element elementor-element-45bbe4b2 elementor-widget elementor-widget-image\" data-id=\"45bbe4b2\" data-element_type=\"widget\" data-widget_type=\"image.default\">\n\t\t\t\t<div class=\"elementor-widget-container\">\n\t\t\t<style>\/*! elementor - v3.15.0 - 20-08-2023 *\/\n.elementor-widget-image{text-align:center}.elementor-widget-image a{display:inline-block}.elementor-widget-image a img[src$=\".svg\"]{width:48px}.elementor-widget-image img{vertical-align:middle;display:inline-block}<\/style>\t\t\t\t\t\t\t\t\t\t\t\t\t<a href=\"https:\/\/elideutsch.nuw.rptu.de\/wp-content\/uploads\/2018\/12\/ELI_002_Foto_01-1.jpg\" data-elementor-open-lightbox=\"no\">\n\t\t\t\t\t\t\t<img loading=\"lazy\" decoding=\"async\" width=\"150\" height=\"150\" src=\"https:\/\/elideutsch.nuw.rptu.de\/wp-content\/uploads\/2018\/12\/ELI_002_Foto_01-1-150x150.jpg\" class=\"attachment-thumbnail size-thumbnail wp-image-436\" alt=\"\" srcset=\"https:\/\/elideutsch.nuw.rptu.de\/wp-content\/uploads\/2018\/12\/ELI_002_Foto_01-1-150x150.jpg 150w, https:\/\/elideutsch.nuw.rptu.de\/wp-content\/uploads\/2018\/12\/ELI_002_Foto_01-1-100x100.jpg 100w\" sizes=\"auto, (max-width: 150px) 100vw, 150px\" \/>\t\t\t\t\t\t\t\t<\/a>\n\t\t\t\t\t\t\t\t\t\t\t\t\t\t\t<\/div>\n\t\t\t\t<\/div>\n\t\t\t\t<div class=\"elementor-element elementor-element-7f803b5e elementor-widget elementor-widget-text-editor\" data-id=\"7f803b5e\" data-element_type=\"widget\" data-widget_type=\"text-editor.default\">\n\t\t\t\t<div class=\"elementor-widget-container\">\n\t\t\t<style>\/*! elementor - v3.15.0 - 20-08-2023 *\/\n.elementor-widget-text-editor.elementor-drop-cap-view-stacked .elementor-drop-cap{background-color:#69727d;color:#fff}.elementor-widget-text-editor.elementor-drop-cap-view-framed .elementor-drop-cap{color:#69727d;border:3px solid;background-color:transparent}.elementor-widget-text-editor:not(.elementor-drop-cap-view-default) .elementor-drop-cap{margin-top:8px}.elementor-widget-text-editor:not(.elementor-drop-cap-view-default) .elementor-drop-cap-letter{width:1em;height:1em}.elementor-widget-text-editor .elementor-drop-cap{float:left;text-align:center;line-height:1;font-size:50px}.elementor-widget-text-editor .elementor-drop-cap-letter{display:inline-block}<\/style>\t\t\t\t<p><!-- wp:separator --><\/p>\n<p><!-- \/wp:separator --><\/p>\n<p><strong>Wann wird er ausbrechen? \u2013 Eruptionen vorhersagen<\/strong><br \/>Wie ein einfacher Neigungsmesser die Aufw\u00f6lbung eines Vulkans vor der Eruption anzeigen kann.<\/p>\n<p><a href=\"https:\/\/elideutsch.nuw.rptu.de\/wp-content\/uploads\/2018\/12\/002-eli-wann-wird-er-ausbrechen-1.pdf\" target=\"_blank\" rel=\"noopener noreferrer\"><strong>PDF der Idee<\/strong><\/a><\/p>\n<p><!-- \/wp:uagb\/container --><\/p>\t\t\t\t\t\t<\/div>\n\t\t\t\t<\/div>\n\t\t\t\t\t<\/div>\n\t\t\t\t<\/div>\n\t\t<div class=\"elementor-element elementor-element-281a386 e-flex e-con-boxed e-con\" data-id=\"281a386\" data-element_type=\"container\" data-settings=\"{&quot;content_width&quot;:&quot;boxed&quot;}\">\n\t\t\t\t\t<div class=\"e-con-inner\">\n\t\t\t\t\t<\/div>\n\t\t\t\t<\/div>\n\t\t<div class=\"elementor-element elementor-element-4eeb05bb e-flex e-con-boxed e-con\" data-id=\"4eeb05bb\" data-element_type=\"container\" data-settings=\"{&quot;content_width&quot;:&quot;boxed&quot;}\">\n\t\t\t\t\t<div class=\"e-con-inner\">\n\t\t\t\t<div class=\"elementor-element elementor-element-dfb787c elementor-widget__width-initial elementor-widget elementor-widget-image\" data-id=\"dfb787c\" data-element_type=\"widget\" data-widget_type=\"image.default\">\n\t\t\t\t<div class=\"elementor-widget-container\">\n\t\t\t\t\t\t\t\t\t\t\t\t\t\t\t\t<a href=\"https:\/\/elideutsch.nuw.rptu.de\/wp-content\/uploads\/2019\/06\/ELI_052_Foto_02-e1560504910895-1.jpg\" data-elementor-open-lightbox=\"no\">\n\t\t\t\t\t\t\t<img loading=\"lazy\" decoding=\"async\" width=\"150\" height=\"150\" src=\"https:\/\/elideutsch.nuw.rptu.de\/wp-content\/uploads\/2019\/06\/ELI_052_Foto_02-e1560504910895-1-150x150.jpg\" class=\"attachment-thumbnail size-thumbnail wp-image-811\" alt=\"\" srcset=\"https:\/\/elideutsch.nuw.rptu.de\/wp-content\/uploads\/2019\/06\/ELI_052_Foto_02-e1560504910895-1-150x150.jpg 150w, https:\/\/elideutsch.nuw.rptu.de\/wp-content\/uploads\/2019\/06\/ELI_052_Foto_02-e1560504910895-1-100x100.jpg 100w\" sizes=\"auto, (max-width: 150px) 100vw, 150px\" \/>\t\t\t\t\t\t\t\t<\/a>\n\t\t\t\t\t\t\t\t\t\t\t\t\t\t\t<\/div>\n\t\t\t\t<\/div>\n\t\t\t\t<div class=\"elementor-element elementor-element-3b881c9c elementor-widget elementor-widget-text-editor\" data-id=\"3b881c9c\" data-element_type=\"widget\" data-widget_type=\"text-editor.default\">\n\t\t\t\t<div class=\"elementor-widget-container\">\n\t\t\t\t\t\t\t<p><!-- wp:separator --><\/p>\n<p><!-- \/wp:separator --><\/p>\n<p><strong>Der Ballon geht los am Krakatau<\/strong><br \/>Mit einem Wasserbeh\u00e4lter und einem Ballon die gigantischen Tsunamis simulieren, die der Ausbruch des Krakatau ausgel\u00f6st hat<\/p>\n<p><a href=\"https:\/\/elideutsch.nuw.rptu.de\/wp-content\/uploads\/2023\/07\/052-eli-der-Ballon-geht-los-am-Krakatao.pdf\" target=\"_blank\" rel=\"noopener\"><strong>PDF der Idee<\/strong><\/a><\/p>\n<p><!-- \/wp:uagb\/container --><\/p>\t\t\t\t\t\t<\/div>\n\t\t\t\t<\/div>\n\t\t\t\t\t<\/div>\n\t\t\t\t<\/div>\n\t\t<div class=\"elementor-element elementor-element-d62117b e-flex e-con-boxed e-con\" data-id=\"d62117b\" data-element_type=\"container\" data-settings=\"{&quot;content_width&quot;:&quot;boxed&quot;}\">\n\t\t\t\t\t<div class=\"e-con-inner\">\n\t\t\t\t\t<\/div>\n\t\t\t\t<\/div>\n\t\t<div class=\"elementor-element elementor-element-6f68dce6 e-flex e-con-boxed e-con\" data-id=\"6f68dce6\" data-element_type=\"container\" data-settings=\"{&quot;content_width&quot;:&quot;boxed&quot;}\">\n\t\t\t\t\t<div class=\"e-con-inner\">\n\t\t\t\t<div class=\"elementor-element elementor-element-13dc281d elementor-widget elementor-widget-image\" data-id=\"13dc281d\" data-element_type=\"widget\" data-widget_type=\"image.default\">\n\t\t\t\t<div class=\"elementor-widget-container\">\n\t\t\t\t\t\t\t\t\t\t\t\t\t\t\t\t<a href=\"https:\/\/elideutsch.nuw.rptu.de\/wp-content\/uploads\/2019\/06\/ELI_058_Foto_03-e1560506244545-1.png\" data-elementor-open-lightbox=\"no\">\n\t\t\t\t\t\t\t<img loading=\"lazy\" decoding=\"async\" width=\"150\" height=\"150\" src=\"https:\/\/elideutsch.nuw.rptu.de\/wp-content\/uploads\/2019\/06\/ELI_058_Foto_03-e1560506244545-1-150x150.png\" class=\"attachment-thumbnail size-thumbnail wp-image-813\" alt=\"\" srcset=\"https:\/\/elideutsch.nuw.rptu.de\/wp-content\/uploads\/2019\/06\/ELI_058_Foto_03-e1560506244545-1-150x150.png 150w, https:\/\/elideutsch.nuw.rptu.de\/wp-content\/uploads\/2019\/06\/ELI_058_Foto_03-e1560506244545-1-100x100.png 100w\" sizes=\"auto, (max-width: 150px) 100vw, 150px\" \/>\t\t\t\t\t\t\t\t<\/a>\n\t\t\t\t\t\t\t\t\t\t\t\t\t\t\t<\/div>\n\t\t\t\t<\/div>\n\t\t\t\t<div class=\"elementor-element elementor-element-4344ef56 elementor-widget elementor-widget-text-editor\" data-id=\"4344ef56\" data-element_type=\"widget\" data-widget_type=\"text-editor.default\">\n\t\t\t\t<div class=\"elementor-widget-container\">\n\t\t\t\t\t\t\t<p><!-- wp:separator --><\/p>\n<p><!-- \/wp:separator --><\/p>\n<p><strong>Geo-Schiffe versenken<\/strong><br \/>Stimmen Erdbeben- und Vulkangebiete \u00fcberein ?<\/p>\n<p><a href=\"https:\/\/elideutsch.nuw.rptu.de\/wp-content\/uploads\/2019\/06\/058-eli-Geo-Schiffe-versenken-1.pdf\" target=\"_blank\" rel=\"noopener\"><strong>PDF der Idee<\/strong><\/a><\/p>\n<p><!-- \/wp:uagb\/container --><\/p>\t\t\t\t\t\t<\/div>\n\t\t\t\t<\/div>\n\t\t\t\t\t<\/div>\n\t\t\t\t<\/div>\n\t\t<div class=\"elementor-element elementor-element-df85524 e-flex e-con-boxed e-con\" data-id=\"df85524\" data-element_type=\"container\" data-settings=\"{&quot;content_width&quot;:&quot;boxed&quot;}\">\n\t\t\t\t\t<div class=\"e-con-inner\">\n\t\t\t\t\t<\/div>\n\t\t\t\t<\/div>\n\t\t<div class=\"elementor-element elementor-element-1d73264f e-flex e-con-boxed e-con\" data-id=\"1d73264f\" data-element_type=\"container\" data-settings=\"{&quot;content_width&quot;:&quot;boxed&quot;}\">\n\t\t\t\t\t<div class=\"e-con-inner\">\n\t\t\t\t<div class=\"elementor-element elementor-element-19b117b7 elementor-widget elementor-widget-image\" data-id=\"19b117b7\" data-element_type=\"widget\" data-widget_type=\"image.default\">\n\t\t\t\t<div class=\"elementor-widget-container\">\n\t\t\t\t\t\t\t\t\t\t\t\t\t\t\t\t<a href=\"https:\/\/elideutsch.nuw.rptu.de\/wp-content\/uploads\/2021\/03\/ELI_054_Foto_02-1.jpg\" data-elementor-open-lightbox=\"no\">\n\t\t\t\t\t\t\t<img loading=\"lazy\" decoding=\"async\" width=\"150\" height=\"150\" src=\"https:\/\/elideutsch.nuw.rptu.de\/wp-content\/uploads\/2021\/03\/ELI_054_Foto_02-1-150x150.jpg\" class=\"attachment-thumbnail size-thumbnail wp-image-1126\" alt=\"\" srcset=\"https:\/\/elideutsch.nuw.rptu.de\/wp-content\/uploads\/2021\/03\/ELI_054_Foto_02-1-150x150.jpg 150w, https:\/\/elideutsch.nuw.rptu.de\/wp-content\/uploads\/2021\/03\/ELI_054_Foto_02-1-100x100.jpg 100w\" sizes=\"auto, (max-width: 150px) 100vw, 150px\" \/>\t\t\t\t\t\t\t\t<\/a>\n\t\t\t\t\t\t\t\t\t\t\t\t\t\t\t<\/div>\n\t\t\t\t<\/div>\n\t\t\t\t<div class=\"elementor-element elementor-element-5fd56a4 elementor-widget elementor-widget-text-editor\" data-id=\"5fd56a4\" data-element_type=\"widget\" data-widget_type=\"text-editor.default\">\n\t\t\t\t<div class=\"elementor-widget-container\">\n\t\t\t\t\t\t\t<p><!-- wp:separator --><\/p>\n<p><!-- \/wp:separator --><\/p>\n<p><strong>Bubblemania<\/strong><br \/>Die sprudelnden Hinweise auf Magmaviskosit\u00e4t und Eruptionen<\/p>\n<p><a href=\"https:\/\/elideutsch.nuw.rptu.de\/wp-content\/uploads\/2021\/03\/054-eli-bubblemania-1.pdf\" target=\"_blank\" rel=\"noopener\"><strong>PDF der Idee<\/strong><\/a><\/p>\n<p><!-- \/wp:uagb\/container --><\/p>\t\t\t\t\t\t<\/div>\n\t\t\t\t<\/div>\n\t\t\t\t\t<\/div>\n\t\t\t\t<\/div>\n\t\t<div class=\"elementor-element elementor-element-10e2e03 e-flex e-con-boxed e-con\" data-id=\"10e2e03\" data-element_type=\"container\" data-settings=\"{&quot;content_width&quot;:&quot;boxed&quot;}\">\n\t\t\t\t\t<div class=\"e-con-inner\">\n\t\t\t\t\t<\/div>\n\t\t\t\t<\/div>\n\t\t<div class=\"elementor-element elementor-element-a04575b e-flex e-con-boxed e-con\" data-id=\"a04575b\" data-element_type=\"container\" data-settings=\"{&quot;content_width&quot;:&quot;boxed&quot;}\">\n\t\t\t\t\t<div class=\"e-con-inner\">\n\t\t\t\t<div class=\"elementor-element elementor-element-2fd81346 elementor-widget elementor-widget-image\" data-id=\"2fd81346\" data-element_type=\"widget\" data-widget_type=\"image.default\">\n\t\t\t\t<div class=\"elementor-widget-container\">\n\t\t\t\t\t\t\t\t\t\t\t\t\t\t\t\t<a href=\"https:\/\/elideutsch.nuw.rptu.de\/wp-content\/uploads\/2019\/07\/ELI_064_Foto_01-1.jpg\" data-elementor-open-lightbox=\"no\">\n\t\t\t\t\t\t\t<img loading=\"lazy\" decoding=\"async\" width=\"150\" height=\"150\" src=\"https:\/\/elideutsch.nuw.rptu.de\/wp-content\/uploads\/2019\/07\/ELI_064_Foto_01-1-150x150.jpg\" class=\"attachment-thumbnail size-thumbnail wp-image-912\" alt=\"\" srcset=\"https:\/\/elideutsch.nuw.rptu.de\/wp-content\/uploads\/2019\/07\/ELI_064_Foto_01-1-150x150.jpg 150w, https:\/\/elideutsch.nuw.rptu.de\/wp-content\/uploads\/2019\/07\/ELI_064_Foto_01-1-100x100.jpg 100w\" sizes=\"auto, (max-width: 150px) 100vw, 150px\" \/>\t\t\t\t\t\t\t\t<\/a>\n\t\t\t\t\t\t\t\t\t\t\t\t\t\t\t<\/div>\n\t\t\t\t<\/div>\n\t\t\t\t<div class=\"elementor-element elementor-element-6447e91c elementor-widget elementor-widget-text-editor\" data-id=\"6447e91c\" data-element_type=\"widget\" data-widget_type=\"text-editor.default\">\n\t\t\t\t<div class=\"elementor-widget-container\">\n\t\t\t\t\t\t\t<p><!-- wp:separator --><\/p>\n<p><!-- \/wp:separator --><\/p>\n<p><strong>Vulkan im Labor<\/strong><br \/>Modellierung magmatischer Prozesse in Wachs und Sand<\/p>\n<p><a href=\"https:\/\/elideutsch.nuw.rptu.de\/wp-content\/uploads\/2019\/07\/064-eli-Vulkan-im-Labor-1.pdf\" target=\"_blank\" rel=\"noopener\"><strong>PDF der Idee<\/strong><\/a><\/p>\n<p><!-- \/wp:uagb\/container --><\/p>\t\t\t\t\t\t<\/div>\n\t\t\t\t<\/div>\n\t\t\t\t\t<\/div>\n\t\t\t\t<\/div>\n\t\t<div class=\"elementor-element elementor-element-20781bd e-flex e-con-boxed e-con\" data-id=\"20781bd\" data-element_type=\"container\" data-settings=\"{&quot;content_width&quot;:&quot;boxed&quot;}\">\n\t\t\t\t\t<div class=\"e-con-inner\">\n\t\t\t\t\t<\/div>\n\t\t\t\t<\/div>\n\t\t<div class=\"elementor-element elementor-element-6e89e167 e-flex e-con-boxed e-con\" data-id=\"6e89e167\" data-element_type=\"container\" data-settings=\"{&quot;content_width&quot;:&quot;boxed&quot;}\">\n\t\t\t\t\t<div class=\"e-con-inner\">\n\t\t\t\t<div class=\"elementor-element elementor-element-7ad0a8e8 elementor-widget elementor-widget-image\" data-id=\"7ad0a8e8\" data-element_type=\"widget\" data-widget_type=\"image.default\">\n\t\t\t\t<div class=\"elementor-widget-container\">\n\t\t\t\t\t\t\t\t\t\t\t\t\t\t\t\t<a href=\"https:\/\/elideutsch.nuw.rptu.de\/wp-content\/uploads\/2019\/06\/ELI_066_Foto_04-1.jpg\" data-elementor-open-lightbox=\"no\">\n\t\t\t\t\t\t\t<img loading=\"lazy\" decoding=\"async\" width=\"150\" height=\"150\" src=\"https:\/\/elideutsch.nuw.rptu.de\/wp-content\/uploads\/2019\/06\/ELI_066_Foto_04-1-150x150.jpg\" class=\"attachment-thumbnail size-thumbnail wp-image-816\" alt=\"\" srcset=\"https:\/\/elideutsch.nuw.rptu.de\/wp-content\/uploads\/2019\/06\/ELI_066_Foto_04-1-150x150.jpg 150w, https:\/\/elideutsch.nuw.rptu.de\/wp-content\/uploads\/2019\/06\/ELI_066_Foto_04-1-100x100.jpg 100w\" sizes=\"auto, (max-width: 150px) 100vw, 150px\" \/>\t\t\t\t\t\t\t\t<\/a>\n\t\t\t\t\t\t\t\t\t\t\t\t\t\t\t<\/div>\n\t\t\t\t<\/div>\n\t\t\t\t<div class=\"elementor-element elementor-element-51e8b38f elementor-widget elementor-widget-text-editor\" data-id=\"51e8b38f\" data-element_type=\"widget\" data-widget_type=\"text-editor.default\">\n\t\t\t\t<div class=\"elementor-widget-container\">\n\t\t\t\t\t\t\t<p><!-- wp:separator --><\/p>\n<p><!-- \/wp:separator --><\/p>\n<p><strong>Hotspots<\/strong><br \/>Die Bewegung einer tektonischen Platte \u00fcber den Globus nachbilden<\/p>\n<p><a href=\"https:\/\/elideutsch.nuw.rptu.de\/wp-content\/uploads\/2019\/06\/066-eli-Hotspots-1.pdf\" target=\"_blank\" rel=\"noopener\"><strong>PDF der Idee<\/strong><\/a><\/p>\n<p><!-- \/wp:uagb\/container --><\/p>\t\t\t\t\t\t<\/div>\n\t\t\t\t<\/div>\n\t\t\t\t\t<\/div>\n\t\t\t\t<\/div>\n\t\t<div class=\"elementor-element elementor-element-fc53e59 e-flex e-con-boxed e-con\" data-id=\"fc53e59\" data-element_type=\"container\" data-settings=\"{&quot;content_width&quot;:&quot;boxed&quot;}\">\n\t\t\t\t\t<div class=\"e-con-inner\">\n\t\t\t\t\t<\/div>\n\t\t\t\t<\/div>\n\t\t<div class=\"elementor-element elementor-element-d7338c7 e-flex e-con-boxed e-con\" data-id=\"d7338c7\" data-element_type=\"container\" data-settings=\"{&quot;content_width&quot;:&quot;boxed&quot;}\">\n\t\t\t\t\t<div class=\"e-con-inner\">\n\t\t\t\t<div class=\"elementor-element elementor-element-7cd1619d elementor-widget elementor-widget-image\" data-id=\"7cd1619d\" data-element_type=\"widget\" data-widget_type=\"image.default\">\n\t\t\t\t<div class=\"elementor-widget-container\">\n\t\t\t\t\t\t\t\t\t\t\t\t\t\t\t\t<a href=\"https:\/\/elideutsch.nuw.rptu.de\/wp-content\/uploads\/2020\/02\/ELI_039_Foto_01-1.jpg\" data-elementor-open-lightbox=\"no\">\n\t\t\t\t\t\t\t<img loading=\"lazy\" decoding=\"async\" width=\"150\" height=\"150\" src=\"https:\/\/elideutsch.nuw.rptu.de\/wp-content\/uploads\/2020\/02\/ELI_039_Foto_01-1-150x150.jpg\" class=\"attachment-thumbnail size-thumbnail wp-image-1008\" alt=\"\" srcset=\"https:\/\/elideutsch.nuw.rptu.de\/wp-content\/uploads\/2020\/02\/ELI_039_Foto_01-1-150x150.jpg 150w, https:\/\/elideutsch.nuw.rptu.de\/wp-content\/uploads\/2020\/02\/ELI_039_Foto_01-1-100x100.jpg 100w\" sizes=\"auto, (max-width: 150px) 100vw, 150px\" \/>\t\t\t\t\t\t\t\t<\/a>\n\t\t\t\t\t\t\t\t\t\t\t\t\t\t\t<\/div>\n\t\t\t\t<\/div>\n\t\t\t\t<div class=\"elementor-element elementor-element-789238cd elementor-widget elementor-widget-text-editor\" data-id=\"789238cd\" data-element_type=\"widget\" data-widget_type=\"text-editor.default\">\n\t\t\t\t<div class=\"elementor-widget-container\">\n\t\t\t\t\t\t\t<p><!-- wp:separator --><\/p>\n<p><!-- \/wp:separator --><\/p>\n<p><strong>Eine Vulkanparty<\/strong><br \/>Wieviel Kraft wird ben\u00f6tigt, um einen &#8222;Partyknaller&#8220;vulkan losgehen zu lassen?<\/p>\n<p><a href=\"https:\/\/elideutsch.nuw.rptu.de\/wp-content\/uploads\/2020\/02\/039-eli-Vulkanparty-1.pdf\" target=\"_blank\" rel=\"noopener noreferrer\"><strong>PDF der Idee<\/strong><\/a><\/p>\n<p><!-- \/wp:uagb\/container --><\/p>\t\t\t\t\t\t<\/div>\n\t\t\t\t<\/div>\n\t\t\t\t\t<\/div>\n\t\t\t\t<\/div>\n\t\t\t\t\t\t\t<\/div>\n\t\t","protected":false},"excerpt":{"rendered":"<p>Wann wird er ausbrechen? \u2013 Eruptionen vorhersagenWie ein einfacher Neigungsmesser die Aufw\u00f6lbung eines Vulkans vor der Eruption anzeigen kann. PDF der Idee Der Ballon geht los am KrakatauMit einem Wasserbeh\u00e4lter und einem Ballon die gigantischen Tsunamis simulieren, die der Ausbruch des Krakatau ausgel\u00f6st hat PDF der Idee Geo-Schiffe versenkenStimmen Erdbeben- und Vulkangebiete \u00fcberein ? PDF&hellip;&nbsp;<a href=\"https:\/\/elideutsch.nuw.rptu.de\/?page_id=286\" class=\"\" rel=\"bookmark\">Weiterlesen &raquo;<span class=\"screen-reader-text\">Vulkanismus<\/span><\/a><\/p>\n","protected":false},"author":2,"featured_media":0,"parent":0,"menu_order":0,"comment_status":"closed","ping_status":"closed","template":"","meta":{"neve_meta_sidebar":"","neve_meta_container":"","neve_meta_enable_content_width":"","neve_meta_content_width":0,"neve_meta_title_alignment":"","neve_meta_author_avatar":"","neve_post_elements_order":"","neve_meta_disable_header":"","neve_meta_disable_footer":"","neve_meta_disable_title":"","footnotes":""},"class_list":["post-286","page","type-page","status-publish","hentry"],"_links":{"self":[{"href":"https:\/\/elideutsch.nuw.rptu.de\/index.php?rest_route=\/wp\/v2\/pages\/286","targetHints":{"allow":["GET"]}}],"collection":[{"href":"https:\/\/elideutsch.nuw.rptu.de\/index.php?rest_route=\/wp\/v2\/pages"}],"about":[{"href":"https:\/\/elideutsch.nuw.rptu.de\/index.php?rest_route=\/wp\/v2\/types\/page"}],"author":[{"embeddable":true,"href":"https:\/\/elideutsch.nuw.rptu.de\/index.php?rest_route=\/wp\/v2\/users\/2"}],"replies":[{"embeddable":true,"href":"https:\/\/elideutsch.nuw.rptu.de\/index.php?rest_route=%2Fwp%2Fv2%2Fcomments&post=286"}],"version-history":[{"count":31,"href":"https:\/\/elideutsch.nuw.rptu.de\/index.php?rest_route=\/wp\/v2\/pages\/286\/revisions"}],"predecessor-version":[{"id":2786,"href":"https:\/\/elideutsch.nuw.rptu.de\/index.php?rest_route=\/wp\/v2\/pages\/286\/revisions\/2786"}],"wp:attachment":[{"href":"https:\/\/elideutsch.nuw.rptu.de\/index.php?rest_route=%2Fwp%2Fv2%2Fmedia&parent=286"}],"curies":[{"name":"wp","href":"https:\/\/api.w.org\/{rel}","templated":true}]}}