{"id":420,"date":"2018-12-14T10:40:15","date_gmt":"2018-12-14T09:40:15","guid":{"rendered":"https:\/\/wp.uni-koblenz.de\/elideutsch\/?page_id=420"},"modified":"2023-04-06T11:35:33","modified_gmt":"2023-04-06T09:35:33","slug":"impressum","status":"publish","type":"page","link":"https:\/\/elideutsch.nuw.rptu.de\/?page_id=420","title":{"rendered":"Impressum"},"content":{"rendered":"\t\t<div data-elementor-type=\"wp-page\" data-elementor-id=\"420\" class=\"elementor elementor-420\">\n\t\t\t\t\t\t\t<div class=\"elementor-element elementor-element-fd031f5 e-flex e-con-boxed e-con\" data-id=\"fd031f5\" data-element_type=\"container\" data-settings=\"{&quot;content_width&quot;:&quot;boxed&quot;}\">\n\t\t\t\t\t<div class=\"e-con-inner\">\n\t\t\t\t<div class=\"elementor-element elementor-element-4ec579e elementor-widget elementor-widget-text-editor\" data-id=\"4ec579e\" data-element_type=\"widget\" data-widget_type=\"text-editor.default\">\n\t\t\t\t<div class=\"elementor-widget-container\">\n\t\t\t<style>\/*! elementor - v3.15.0 - 20-08-2023 *\/\n.elementor-widget-text-editor.elementor-drop-cap-view-stacked .elementor-drop-cap{background-color:#69727d;color:#fff}.elementor-widget-text-editor.elementor-drop-cap-view-framed .elementor-drop-cap{color:#69727d;border:3px solid;background-color:transparent}.elementor-widget-text-editor:not(.elementor-drop-cap-view-default) .elementor-drop-cap{margin-top:8px}.elementor-widget-text-editor:not(.elementor-drop-cap-view-default) .elementor-drop-cap-letter{width:1em;height:1em}.elementor-widget-text-editor .elementor-drop-cap{float:left;text-align:center;line-height:1;font-size:50px}.elementor-widget-text-editor .elementor-drop-cap-letter{display:inline-block}<\/style>\t\t\t\t<p><a href=\"https:\/\/rptu.de\/impressum\" target=\"_blank\" rel=\"noopener\"><strong>Impressum<\/strong> der RPTU Rheinland-Pf\u00e4lzischen Universit\u00e4t Kaiserslautern-Landau<\/a><\/p>\t\t\t\t\t\t<\/div>\n\t\t\t\t<\/div>\n\t\t\t\t\t<\/div>\n\t\t\t\t<\/div>\n\t\t<div class=\"elementor-element elementor-element-94237bf e-flex e-con-boxed e-con\" data-id=\"94237bf\" data-element_type=\"container\" data-settings=\"{&quot;content_width&quot;:&quot;boxed&quot;}\">\n\t\t\t\t\t<div class=\"e-con-inner\">\n\t\t\t\t\t<\/div>\n\t\t\t\t<\/div>\n\t\t<div class=\"elementor-element elementor-element-8930816 e-flex e-con-boxed e-con\" data-id=\"8930816\" data-element_type=\"container\" data-settings=\"{&quot;content_width&quot;:&quot;boxed&quot;}\">\n\t\t\t\t\t<div class=\"e-con-inner\">\n\t\t\t\t<div class=\"elementor-element elementor-element-eba5c60 elementor-widget elementor-widget-text-editor\" data-id=\"eba5c60\" data-element_type=\"widget\" data-widget_type=\"text-editor.default\">\n\t\t\t\t<div class=\"elementor-widget-container\">\n\t\t\t\t\t\t\t<p>Bei <strong>Fragen und Anregungen<\/strong> zum Inhalt von ELI-DEUTSCH nehmen Sie bitte Kontakt auf mit:<\/p><p><strong>Prof. Dr. Dirk Felzmann<\/strong><br \/>RPTU Rheinland-Pf\u00e4lzische Technische Universit\u00e4t Kaiserslautern-Landau in Landau<\/p><p>Fachbereich Natur- und Umweltwissenschaften (NUW)<br \/>InB Institut f\u00fcr naturwissenschaftliche Bildung<br \/>AG Geographiedidaktik<br \/>Tel.: (+49) (0)6341 280 31182<br \/>Email: <a href=\"mailto:felzmann@uni-landau.de\" target=\"_blank\" rel=\"noopener\">dirk.felzmann@rptu.de<\/a><\/p>\t\t\t\t\t\t<\/div>\n\t\t\t\t<\/div>\n\t\t\t\t\t<\/div>\n\t\t\t\t<\/div>\n\t\t<div class=\"elementor-element elementor-element-33767c5 e-flex e-con-boxed e-con\" data-id=\"33767c5\" data-element_type=\"container\" data-settings=\"{&quot;content_width&quot;:&quot;boxed&quot;}\">\n\t\t\t\t\t<div class=\"e-con-inner\">\n\t\t\t\t\t<\/div>\n\t\t\t\t<\/div>\n\t\t\t\t\t\t\t<\/div>\n\t\t","protected":false},"excerpt":{"rendered":"<p>Impressum der RPTU Rheinland-Pf\u00e4lzischen Universit\u00e4t Kaiserslautern-Landau Bei Fragen und Anregungen zum Inhalt von ELI-DEUTSCH nehmen Sie bitte Kontakt auf mit: Prof. Dr. Dirk FelzmannRPTU Rheinland-Pf\u00e4lzische Technische Universit\u00e4t Kaiserslautern-Landau in Landau Fachbereich Natur- und Umweltwissenschaften (NUW)InB Institut f\u00fcr naturwissenschaftliche BildungAG GeographiedidaktikTel.: (+49) (0)6341 280 31182Email: dirk.felzmann@rptu.de<\/p>\n","protected":false},"author":2,"featured_media":0,"parent":0,"menu_order":0,"comment_status":"closed","ping_status":"closed","template":"","meta":{"neve_meta_sidebar":"","neve_meta_container":"","neve_meta_enable_content_width":"","neve_meta_content_width":0,"neve_meta_title_alignment":"","neve_meta_author_avatar":"","neve_post_elements_order":"","neve_meta_disable_header":"","neve_meta_disable_footer":"","neve_meta_disable_title":"","footnotes":""},"class_list":["post-420","page","type-page","status-publish","hentry"],"_links":{"self":[{"href":"https:\/\/elideutsch.nuw.rptu.de\/index.php?rest_route=\/wp\/v2\/pages\/420","targetHints":{"allow":["GET"]}}],"collection":[{"href":"https:\/\/elideutsch.nuw.rptu.de\/index.php?rest_route=\/wp\/v2\/pages"}],"about":[{"href":"https:\/\/elideutsch.nuw.rptu.de\/index.php?rest_route=\/wp\/v2\/types\/page"}],"author":[{"embeddable":true,"href":"https:\/\/elideutsch.nuw.rptu.de\/index.php?rest_route=\/wp\/v2\/users\/2"}],"replies":[{"embeddable":true,"href":"https:\/\/elideutsch.nuw.rptu.de\/index.php?rest_route=%2Fwp%2Fv2%2Fcomments&post=420"}],"version-history":[{"count":41,"href":"https:\/\/elideutsch.nuw.rptu.de\/index.php?rest_route=\/wp\/v2\/pages\/420\/revisions"}],"predecessor-version":[{"id":2657,"href":"https:\/\/elideutsch.nuw.rptu.de\/index.php?rest_route=\/wp\/v2\/pages\/420\/revisions\/2657"}],"wp:attachment":[{"href":"https:\/\/elideutsch.nuw.rptu.de\/index.php?rest_route=%2Fwp%2Fv2%2Fmedia&parent=420"}],"curies":[{"name":"wp","href":"https:\/\/api.w.org\/{rel}","templated":true}]}}