{"id":745,"date":"2019-06-12T09:57:53","date_gmt":"2019-06-12T07:57:53","guid":{"rendered":"https:\/\/wp.uni-koblenz.de\/elideutsch\/?page_id=745"},"modified":"2023-04-06T11:45:19","modified_gmt":"2023-04-06T09:45:19","slug":"meere-ozeane","status":"publish","type":"page","link":"https:\/\/elideutsch.nuw.rptu.de\/?page_id=745","title":{"rendered":"Meere \/ Ozeane"},"content":{"rendered":"\t\t<div data-elementor-type=\"wp-page\" data-elementor-id=\"745\" class=\"elementor elementor-745\">\n\t\t\t\t\t\t\t<div class=\"elementor-element elementor-element-1f604ee1 e-flex e-con-boxed e-con\" data-id=\"1f604ee1\" data-element_type=\"container\" data-settings=\"{&quot;content_width&quot;:&quot;boxed&quot;}\">\n\t\t\t\t\t<div class=\"e-con-inner\">\n\t\t\t\t<div class=\"elementor-element elementor-element-18ea5db7 elementor-widget elementor-widget-image\" data-id=\"18ea5db7\" data-element_type=\"widget\" data-widget_type=\"image.default\">\n\t\t\t\t<div class=\"elementor-widget-container\">\n\t\t\t<style>\/*! elementor - v3.15.0 - 20-08-2023 *\/\n.elementor-widget-image{text-align:center}.elementor-widget-image a{display:inline-block}.elementor-widget-image a img[src$=\".svg\"]{width:48px}.elementor-widget-image img{vertical-align:middle;display:inline-block}<\/style>\t\t\t\t\t\t\t\t\t\t\t\t\t<a href=\"https:\/\/elideutsch.nuw.rptu.de\/wp-content\/uploads\/2019\/06\/ELI_011_Foto_01-1.jpg\" data-elementor-open-lightbox=\"no\">\n\t\t\t\t\t\t\t<img loading=\"lazy\" decoding=\"async\" width=\"150\" height=\"150\" src=\"https:\/\/elideutsch.nuw.rptu.de\/wp-content\/uploads\/2019\/06\/ELI_011_Foto_01-1-150x150.jpg\" class=\"attachment-thumbnail size-thumbnail wp-image-654\" alt=\"\" srcset=\"https:\/\/elideutsch.nuw.rptu.de\/wp-content\/uploads\/2019\/06\/ELI_011_Foto_01-1-150x150.jpg 150w, https:\/\/elideutsch.nuw.rptu.de\/wp-content\/uploads\/2019\/06\/ELI_011_Foto_01-1-100x100.jpg 100w\" sizes=\"auto, (max-width: 150px) 100vw, 150px\" \/>\t\t\t\t\t\t\t\t<\/a>\n\t\t\t\t\t\t\t\t\t\t\t\t\t\t\t<\/div>\n\t\t\t\t<\/div>\n\t\t\t\t<div class=\"elementor-element elementor-element-705a669c elementor-widget elementor-widget-text-editor\" data-id=\"705a669c\" data-element_type=\"widget\" data-widget_type=\"text-editor.default\">\n\t\t\t\t<div class=\"elementor-widget-container\">\n\t\t\t<style>\/*! elementor - v3.15.0 - 20-08-2023 *\/\n.elementor-widget-text-editor.elementor-drop-cap-view-stacked .elementor-drop-cap{background-color:#69727d;color:#fff}.elementor-widget-text-editor.elementor-drop-cap-view-framed .elementor-drop-cap{color:#69727d;border:3px solid;background-color:transparent}.elementor-widget-text-editor:not(.elementor-drop-cap-view-default) .elementor-drop-cap{margin-top:8px}.elementor-widget-text-editor:not(.elementor-drop-cap-view-default) .elementor-drop-cap-letter{width:1em;height:1em}.elementor-widget-text-editor .elementor-drop-cap{float:left;text-align:center;line-height:1;font-size:50px}.elementor-widget-text-editor .elementor-drop-cap-letter{display:inline-block}<\/style>\t\t\t\t<p><!-- wp:separator --><\/p>\n<p><!-- \/wp:separator --><\/p>\n<p><strong>Sandrippel in einer Sch\u00fcssel<\/strong><br \/>Wir erkunden, wie sich asymmetrische Rippel in Sand bilden<\/p>\n<p><a href=\"https:\/\/elideutsch.nuw.rptu.de\/wp-content\/uploads\/2019\/06\/011-eli-Sandrippel-in-einer-Schuessel-1.pdf\" target=\"_blank\" rel=\"noopener noreferrer\"><strong>PDF der Idee<\/strong><\/a><\/p>\n<p><!-- \/wp:uagb\/container --><\/p>\t\t\t\t\t\t<\/div>\n\t\t\t\t<\/div>\n\t\t\t\t\t<\/div>\n\t\t\t\t<\/div>\n\t\t<div class=\"elementor-element elementor-element-271b329 e-flex e-con-boxed e-con\" data-id=\"271b329\" data-element_type=\"container\" data-settings=\"{&quot;content_width&quot;:&quot;boxed&quot;}\">\n\t\t\t\t\t<div class=\"e-con-inner\">\n\t\t\t\t\t<\/div>\n\t\t\t\t<\/div>\n\t\t<div class=\"elementor-element elementor-element-460e128 e-flex e-con-boxed e-con\" data-id=\"460e128\" data-element_type=\"container\" data-settings=\"{&quot;content_width&quot;:&quot;boxed&quot;}\">\n\t\t\t\t\t<div class=\"e-con-inner\">\n\t\t\t\t\t<\/div>\n\t\t\t\t<\/div>\n\t\t<div class=\"elementor-element elementor-element-5b8dedc e-flex e-con-boxed e-con\" data-id=\"5b8dedc\" data-element_type=\"container\" data-settings=\"{&quot;content_width&quot;:&quot;boxed&quot;}\">\n\t\t\t\t\t<div class=\"e-con-inner\">\n\t\t\t\t<div class=\"elementor-element elementor-element-f659f2c elementor-widget elementor-widget-image\" data-id=\"f659f2c\" data-element_type=\"widget\" data-widget_type=\"image.default\">\n\t\t\t\t<div class=\"elementor-widget-container\">\n\t\t\t\t\t\t\t\t\t\t\t\t\t\t\t\t<a href=\"https:\/\/elideutsch.nuw.rptu.de\/wp-content\/uploads\/2019\/06\/ELI_012_Foto_01-1.jpg\" data-elementor-open-lightbox=\"no\">\n\t\t\t\t\t\t\t<img loading=\"lazy\" decoding=\"async\" width=\"150\" height=\"150\" src=\"https:\/\/elideutsch.nuw.rptu.de\/wp-content\/uploads\/2019\/06\/ELI_012_Foto_01-1-150x150.jpg\" class=\"attachment-thumbnail size-thumbnail wp-image-655\" alt=\"\" srcset=\"https:\/\/elideutsch.nuw.rptu.de\/wp-content\/uploads\/2019\/06\/ELI_012_Foto_01-1-150x150.jpg 150w, https:\/\/elideutsch.nuw.rptu.de\/wp-content\/uploads\/2019\/06\/ELI_012_Foto_01-1-100x100.jpg 100w\" sizes=\"auto, (max-width: 150px) 100vw, 150px\" \/>\t\t\t\t\t\t\t\t<\/a>\n\t\t\t\t\t\t\t\t\t\t\t\t\t\t\t<\/div>\n\t\t\t\t<\/div>\n\t\t\t\t<div class=\"elementor-element elementor-element-40c17d8a elementor-widget elementor-widget-text-editor\" data-id=\"40c17d8a\" data-element_type=\"widget\" data-widget_type=\"text-editor.default\">\n\t\t\t\t<div class=\"elementor-widget-container\">\n\t\t\t\t\t\t\t<p><!-- wp:separator --><\/p>\n<p><!-- \/wp:separator --><\/p>\n<header class=\"entry-header\"><\/header>\n<div class=\"entry-content\">\n<p><strong>Sandrippel in einem Becken<\/strong><br \/>Wie symmetrische Rippel in den Sank kommen<\/p>\n<p><a href=\"https:\/\/elideutsch.nuw.rptu.de\/wp-content\/uploads\/2019\/06\/012-eli-Sandrippel-in-einem-Becken-1.pdf\" target=\"_blank\" rel=\"noopener noreferrer\"><strong>PDF der Idee<\/strong><\/a><\/p>\n<\/div>\n<p><!-- \/wp:uagb\/container --><\/p>\t\t\t\t\t\t<\/div>\n\t\t\t\t<\/div>\n\t\t\t\t\t<\/div>\n\t\t\t\t<\/div>\n\t\t<div class=\"elementor-element elementor-element-7c8e420 e-flex e-con-boxed e-con\" data-id=\"7c8e420\" data-element_type=\"container\" data-settings=\"{&quot;content_width&quot;:&quot;boxed&quot;}\">\n\t\t\t\t\t<div class=\"e-con-inner\">\n\t\t\t\t\t<\/div>\n\t\t\t\t<\/div>\n\t\t<div class=\"elementor-element elementor-element-78d04c0b e-flex e-con-boxed e-con\" data-id=\"78d04c0b\" data-element_type=\"container\" data-settings=\"{&quot;content_width&quot;:&quot;boxed&quot;}\">\n\t\t\t\t\t<div class=\"e-con-inner\">\n\t\t\t\t<div class=\"elementor-element elementor-element-5179115f elementor-widget elementor-widget-image\" data-id=\"5179115f\" data-element_type=\"widget\" data-widget_type=\"image.default\">\n\t\t\t\t<div class=\"elementor-widget-container\">\n\t\t\t\t\t\t\t\t\t\t\t\t\t\t\t\t<a href=\"https:\/\/elideutsch.nuw.rptu.de\/wp-content\/uploads\/2019\/06\/ELI_017_Foto_03-1.jpg\" data-elementor-open-lightbox=\"no\">\n\t\t\t\t\t\t\t<img loading=\"lazy\" decoding=\"async\" width=\"150\" height=\"150\" src=\"https:\/\/elideutsch.nuw.rptu.de\/wp-content\/uploads\/2019\/06\/ELI_017_Foto_03-1-150x150.jpg\" class=\"attachment-thumbnail size-thumbnail wp-image-657\" alt=\"\" srcset=\"https:\/\/elideutsch.nuw.rptu.de\/wp-content\/uploads\/2019\/06\/ELI_017_Foto_03-1-150x150.jpg 150w, https:\/\/elideutsch.nuw.rptu.de\/wp-content\/uploads\/2019\/06\/ELI_017_Foto_03-1-100x100.jpg 100w\" sizes=\"auto, (max-width: 150px) 100vw, 150px\" \/>\t\t\t\t\t\t\t\t<\/a>\n\t\t\t\t\t\t\t\t\t\t\t\t\t\t\t<\/div>\n\t\t\t\t<\/div>\n\t\t\t\t<div class=\"elementor-element elementor-element-16576c45 elementor-widget elementor-widget-text-editor\" data-id=\"16576c45\" data-element_type=\"widget\" data-widget_type=\"text-editor.default\">\n\t\t\t\t<div class=\"elementor-widget-container\">\n\t\t\t\t\t\t\t<p><!-- wp:separator --><\/p>\n<p><!-- \/wp:separator --><\/p>\n<p><strong>Hoch-Str\u00f6men, Herunter-Str\u00f6men?: Atmosph\u00e4re und Ozean in einem Becken<\/strong><br \/>Hei\u00dfe, kalte und teilchengef\u00fcllte Dichtestr\u00f6mungen \u2013 wie sie in Atmosph\u00e4re und Ozean vorkommen<\/p>\n<p><a href=\"https:\/\/elideutsch.nuw.rptu.de\/wp-content\/uploads\/2019\/06\/017-eli-Atmosphaere-und-Ozean-in-einem-Becken-1.pdf\" target=\"_blank\" rel=\"noopener noreferrer\"><strong>PDF der Idee<\/strong><\/a><\/p>\n<p><!-- \/wp:uagb\/container --><\/p>\t\t\t\t\t\t<\/div>\n\t\t\t\t<\/div>\n\t\t\t\t\t<\/div>\n\t\t\t\t<\/div>\n\t\t<div class=\"elementor-element elementor-element-787aa6c e-flex e-con-boxed e-con\" data-id=\"787aa6c\" data-element_type=\"container\" data-settings=\"{&quot;content_width&quot;:&quot;boxed&quot;}\">\n\t\t\t\t\t<div class=\"e-con-inner\">\n\t\t\t\t\t<\/div>\n\t\t\t\t<\/div>\n\t\t<div class=\"elementor-element elementor-element-7b9e7c34 e-flex e-con-boxed e-con\" data-id=\"7b9e7c34\" data-element_type=\"container\" data-settings=\"{&quot;content_width&quot;:&quot;boxed&quot;}\">\n\t\t\t\t\t<div class=\"e-con-inner\">\n\t\t\t\t<div class=\"elementor-element elementor-element-1e17533a elementor-widget elementor-widget-image\" data-id=\"1e17533a\" data-element_type=\"widget\" data-widget_type=\"image.default\">\n\t\t\t\t<div class=\"elementor-widget-container\">\n\t\t\t\t\t\t\t\t\t\t\t\t\t\t\t\t<a href=\"https:\/\/elideutsch.nuw.rptu.de\/wp-content\/uploads\/2021\/03\/ELI_086_Foto_01-1.jpg\" data-elementor-open-lightbox=\"no\">\n\t\t\t\t\t\t\t<img loading=\"lazy\" decoding=\"async\" width=\"150\" height=\"150\" src=\"https:\/\/elideutsch.nuw.rptu.de\/wp-content\/uploads\/2021\/03\/ELI_086_Foto_01-1-150x150.jpg\" class=\"attachment-thumbnail size-thumbnail wp-image-1131\" alt=\"\" srcset=\"https:\/\/elideutsch.nuw.rptu.de\/wp-content\/uploads\/2021\/03\/ELI_086_Foto_01-1-150x150.jpg 150w, https:\/\/elideutsch.nuw.rptu.de\/wp-content\/uploads\/2021\/03\/ELI_086_Foto_01-1-100x100.jpg 100w\" sizes=\"auto, (max-width: 150px) 100vw, 150px\" \/>\t\t\t\t\t\t\t\t<\/a>\n\t\t\t\t\t\t\t\t\t\t\t\t\t\t\t<\/div>\n\t\t\t\t<\/div>\n\t\t\t\t<div class=\"elementor-element elementor-element-7e7c7e37 elementor-widget elementor-widget-text-editor\" data-id=\"7e7c7e37\" data-element_type=\"widget\" data-widget_type=\"text-editor.default\">\n\t\t\t\t<div class=\"elementor-widget-container\">\n\t\t\t\t\t\t\t<p><!-- wp:separator --><\/p>\n<p><!-- \/wp:separator --><\/p>\n<p><strong>Warum ist das Tote Meer tot?<\/strong><br \/>Salzgehalt messen<\/p>\n<p><a href=\"https:\/\/elideutsch.nuw.rptu.de\/wp-content\/uploads\/2021\/03\/086-eli-Warum-ist-das-Tote-Meer-tot-1.pdf\" target=\"_blank\" rel=\"noopener noreferrer\"><strong>PDF der Idee<\/strong><\/a><\/p>\n<p><!-- \/wp:uagb\/container --><\/p>\t\t\t\t\t\t<\/div>\n\t\t\t\t<\/div>\n\t\t\t\t\t<\/div>\n\t\t\t\t<\/div>\n\t\t<div class=\"elementor-element elementor-element-019d093 e-flex e-con-boxed e-con\" data-id=\"019d093\" data-element_type=\"container\" data-settings=\"{&quot;content_width&quot;:&quot;boxed&quot;}\">\n\t\t\t\t\t<div class=\"e-con-inner\">\n\t\t\t\t\t<\/div>\n\t\t\t\t<\/div>\n\t\t<div class=\"elementor-element elementor-element-72bb5c5b e-flex e-con-boxed e-con\" data-id=\"72bb5c5b\" data-element_type=\"container\" data-settings=\"{&quot;content_width&quot;:&quot;boxed&quot;}\">\n\t\t\t\t\t<div class=\"e-con-inner\">\n\t\t\t\t<div class=\"elementor-element elementor-element-243f54a4 elementor-widget__width-initial elementor-widget elementor-widget-image\" data-id=\"243f54a4\" data-element_type=\"widget\" data-widget_type=\"image.default\">\n\t\t\t\t<div class=\"elementor-widget-container\">\n\t\t\t\t\t\t\t\t\t\t\t\t\t\t\t\t<a href=\"https:\/\/elideutsch.nuw.rptu.de\/wp-content\/uploads\/2018\/12\/ELI_035_Foto_01-1.jpg\" data-elementor-open-lightbox=\"no\">\n\t\t\t\t\t\t\t<img loading=\"lazy\" decoding=\"async\" width=\"150\" height=\"150\" src=\"https:\/\/elideutsch.nuw.rptu.de\/wp-content\/uploads\/2018\/12\/ELI_035_Foto_01-1-150x150.jpg\" class=\"attachment-thumbnail size-thumbnail wp-image-438\" alt=\"\" srcset=\"https:\/\/elideutsch.nuw.rptu.de\/wp-content\/uploads\/2018\/12\/ELI_035_Foto_01-1-150x150.jpg 150w, https:\/\/elideutsch.nuw.rptu.de\/wp-content\/uploads\/2018\/12\/ELI_035_Foto_01-1-100x100.jpg 100w\" sizes=\"auto, (max-width: 150px) 100vw, 150px\" \/>\t\t\t\t\t\t\t\t<\/a>\n\t\t\t\t\t\t\t\t\t\t\t\t\t\t\t<\/div>\n\t\t\t\t<\/div>\n\t\t\t\t<div class=\"elementor-element elementor-element-36093a3 elementor-widget elementor-widget-text-editor\" data-id=\"36093a3\" data-element_type=\"widget\" data-widget_type=\"text-editor.default\">\n\t\t\t\t<div class=\"elementor-widget-container\">\n\t\t\t\t\t\t\t<p><!-- wp:separator --><\/p>\n<p><!-- \/wp:separator --><\/p>\n<p><strong>K\u00fcstenlinien im Wandel<\/strong><br \/>Untersuchen, wie Wellen durch Erosion, Transport und Sedimentation die Gestalt von K\u00fcstenlinien ver\u00e4ndern k\u00f6nnen<\/p>\n<p><a href=\"https:\/\/elideutsch.nuw.rptu.de\/wp-content\/uploads\/2018\/12\/035-eli-kuestenlinien-im-wandel-1.pdf\" target=\"_blank\" rel=\"noopener noreferrer\"><strong>PDF der Idee <\/strong><\/a><\/p>\n<p><!-- \/wp:uagb\/container --><\/p>\t\t\t\t\t\t<\/div>\n\t\t\t\t<\/div>\n\t\t\t\t\t<\/div>\n\t\t\t\t<\/div>\n\t\t\t\t\t\t\t<\/div>\n\t\t","protected":false},"excerpt":{"rendered":"<p>Sandrippel in einer Sch\u00fcsselWir erkunden, wie sich asymmetrische Rippel in Sand bilden PDF der Idee Sandrippel in einem BeckenWie symmetrische Rippel in den Sank kommen PDF der Idee Hoch-Str\u00f6men, Herunter-Str\u00f6men?: Atmosph\u00e4re und Ozean in einem BeckenHei\u00dfe, kalte und teilchengef\u00fcllte Dichtestr\u00f6mungen \u2013 wie sie in Atmosph\u00e4re und Ozean vorkommen PDF der Idee Warum ist das Tote&hellip;&nbsp;<a href=\"https:\/\/elideutsch.nuw.rptu.de\/?page_id=745\" class=\"\" rel=\"bookmark\">Weiterlesen &raquo;<span class=\"screen-reader-text\">Meere \/ Ozeane<\/span><\/a><\/p>\n","protected":false},"author":2,"featured_media":0,"parent":0,"menu_order":0,"comment_status":"closed","ping_status":"closed","template":"","meta":{"neve_meta_sidebar":"","neve_meta_container":"","neve_meta_enable_content_width":"","neve_meta_content_width":0,"neve_meta_title_alignment":"","neve_meta_author_avatar":"","neve_post_elements_order":"","neve_meta_disable_header":"","neve_meta_disable_footer":"","neve_meta_disable_title":"","footnotes":""},"class_list":["post-745","page","type-page","status-publish","hentry"],"_links":{"self":[{"href":"https:\/\/elideutsch.nuw.rptu.de\/index.php?rest_route=\/wp\/v2\/pages\/745","targetHints":{"allow":["GET"]}}],"collection":[{"href":"https:\/\/elideutsch.nuw.rptu.de\/index.php?rest_route=\/wp\/v2\/pages"}],"about":[{"href":"https:\/\/elideutsch.nuw.rptu.de\/index.php?rest_route=\/wp\/v2\/types\/page"}],"author":[{"embeddable":true,"href":"https:\/\/elideutsch.nuw.rptu.de\/index.php?rest_route=\/wp\/v2\/users\/2"}],"replies":[{"embeddable":true,"href":"https:\/\/elideutsch.nuw.rptu.de\/index.php?rest_route=%2Fwp%2Fv2%2Fcomments&post=745"}],"version-history":[{"count":19,"href":"https:\/\/elideutsch.nuw.rptu.de\/index.php?rest_route=\/wp\/v2\/pages\/745\/revisions"}],"predecessor-version":[{"id":2669,"href":"https:\/\/elideutsch.nuw.rptu.de\/index.php?rest_route=\/wp\/v2\/pages\/745\/revisions\/2669"}],"wp:attachment":[{"href":"https:\/\/elideutsch.nuw.rptu.de\/index.php?rest_route=%2Fwp%2Fv2%2Fmedia&parent=745"}],"curies":[{"name":"wp","href":"https:\/\/api.w.org\/{rel}","templated":true}]}}