{"id":96,"date":"2018-08-03T09:12:01","date_gmt":"2018-08-03T07:12:01","guid":{"rendered":"https:\/\/wp.uni-koblenz.de\/elideutsch\/?page_id=96"},"modified":"2025-07-15T13:01:53","modified_gmt":"2025-07-15T11:01:53","slug":"erdbeben","status":"publish","type":"page","link":"https:\/\/elideutsch.nuw.rptu.de\/?page_id=96","title":{"rendered":"Erdbeben"},"content":{"rendered":"\t\t<div data-elementor-type=\"wp-page\" data-elementor-id=\"96\" class=\"elementor elementor-96\">\n\t\t\t\t\t\t\t<div class=\"elementor-element elementor-element-a48049e e-flex e-con-boxed e-con\" data-id=\"a48049e\" data-element_type=\"container\" data-settings=\"{&quot;content_width&quot;:&quot;boxed&quot;}\">\n\t\t\t\t\t<div class=\"e-con-inner\">\n\t\t\t\t<div class=\"elementor-element elementor-element-10a24cc elementor-widget elementor-widget-image\" data-id=\"10a24cc\" data-element_type=\"widget\" data-widget_type=\"image.default\">\n\t\t\t\t<div class=\"elementor-widget-container\">\n\t\t\t<style>\/*! elementor - v3.15.0 - 20-08-2023 *\/\n.elementor-widget-image{text-align:center}.elementor-widget-image a{display:inline-block}.elementor-widget-image a img[src$=\".svg\"]{width:48px}.elementor-widget-image img{vertical-align:middle;display:inline-block}<\/style>\t\t\t\t\t\t\t\t\t\t\t\t\t<a href=\"https:\/\/elideutsch.nuw.rptu.de\/wp-content\/uploads\/2019\/03\/ELI_024_Foto_02-1.jpg\" data-elementor-open-lightbox=\"no\">\n\t\t\t\t\t\t\t<img loading=\"lazy\" decoding=\"async\" width=\"150\" height=\"150\" src=\"https:\/\/elideutsch.nuw.rptu.de\/wp-content\/uploads\/2019\/03\/ELI_024_Foto_02-1-150x150.jpg\" class=\"attachment-thumbnail size-thumbnail wp-image-472\" alt=\"\" srcset=\"https:\/\/elideutsch.nuw.rptu.de\/wp-content\/uploads\/2019\/03\/ELI_024_Foto_02-1-150x150.jpg 150w, https:\/\/elideutsch.nuw.rptu.de\/wp-content\/uploads\/2019\/03\/ELI_024_Foto_02-1-100x100.jpg 100w\" sizes=\"auto, (max-width: 150px) 100vw, 150px\" \/>\t\t\t\t\t\t\t\t<\/a>\n\t\t\t\t\t\t\t\t\t\t\t\t\t\t\t<\/div>\n\t\t\t\t<\/div>\n\t\t\t\t<div class=\"elementor-element elementor-element-5755e93 elementor-widget__width-initial elementor-widget elementor-widget-text-editor\" data-id=\"5755e93\" data-element_type=\"widget\" data-widget_type=\"text-editor.default\">\n\t\t\t\t<div class=\"elementor-widget-container\">\n\t\t\t<style>\/*! elementor - v3.15.0 - 20-08-2023 *\/\n.elementor-widget-text-editor.elementor-drop-cap-view-stacked .elementor-drop-cap{background-color:#69727d;color:#fff}.elementor-widget-text-editor.elementor-drop-cap-view-framed .elementor-drop-cap{color:#69727d;border:3px solid;background-color:transparent}.elementor-widget-text-editor:not(.elementor-drop-cap-view-default) .elementor-drop-cap{margin-top:8px}.elementor-widget-text-editor:not(.elementor-drop-cap-view-default) .elementor-drop-cap-letter{width:1em;height:1em}.elementor-widget-text-editor .elementor-drop-cap{float:left;text-align:center;line-height:1;font-size:50px}.elementor-widget-text-editor .elementor-drop-cap-letter{display:inline-block}<\/style>\t\t\t\t<p><!-- wp:separator --><\/p>\n<p><!-- \/wp:separator --><\/p>\n<p><strong style=\"color: #7a7a7a;\">Erdbebenvorhersage &#8211; Wann wird die Erde beben?<\/strong><br style=\"color: #7a7a7a;\" \/><span style=\"color: #7a7a7a;\">Modellierung der Entstehung von Spannungen und deren pl\u00f6tzlichen Entladungen in der Erde, was Erdbeben verursacht.<\/span><\/p>\n<p><strong><a href=\"https:\/\/elideutsch.nuw.rptu.de\/wp-content\/uploads\/2019\/03\/024-eli-Erdbebenvorhersage-1.pdf\" target=\"_blank\" rel=\"noopener noreferrer\">PDF der Idee<\/a><\/strong><\/p>\n<p><!-- \/wp:uagb\/container --><\/p>\t\t\t\t\t\t<\/div>\n\t\t\t\t<\/div>\n\t\t\t\t\t<\/div>\n\t\t\t\t<\/div>\n\t\t<div class=\"elementor-element elementor-element-2da9b5e e-flex e-con-boxed e-con\" data-id=\"2da9b5e\" data-element_type=\"container\" data-settings=\"{&quot;content_width&quot;:&quot;boxed&quot;}\">\n\t\t\t\t\t<div class=\"e-con-inner\">\n\t\t\t\t\t<\/div>\n\t\t\t\t<\/div>\n\t\t<div class=\"elementor-element elementor-element-33174e0 e-flex e-con-boxed e-con\" data-id=\"33174e0\" data-element_type=\"container\" data-settings=\"{&quot;content_width&quot;:&quot;boxed&quot;}\">\n\t\t\t\t\t<div class=\"e-con-inner\">\n\t\t\t\t<div class=\"elementor-element elementor-element-1ea62d1d elementor-widget__width-initial elementor-widget elementor-widget-image\" data-id=\"1ea62d1d\" data-element_type=\"widget\" data-widget_type=\"image.default\">\n\t\t\t\t<div class=\"elementor-widget-container\">\n\t\t\t\t\t\t\t\t\t\t\t\t\t\t\t\t<a href=\"https:\/\/elideutsch.nuw.rptu.de\/wp-content\/uploads\/2018\/08\/ELI_001_Foto_01-1.jpg\" data-elementor-open-lightbox=\"no\">\n\t\t\t\t\t\t\t<img loading=\"lazy\" decoding=\"async\" width=\"150\" height=\"150\" src=\"https:\/\/elideutsch.nuw.rptu.de\/wp-content\/uploads\/2018\/08\/ELI_001_Foto_01-1-150x150.jpg\" class=\"attachment-thumbnail size-thumbnail wp-image-351\" alt=\"\" srcset=\"https:\/\/elideutsch.nuw.rptu.de\/wp-content\/uploads\/2018\/08\/ELI_001_Foto_01-1-150x150.jpg 150w, https:\/\/elideutsch.nuw.rptu.de\/wp-content\/uploads\/2018\/08\/ELI_001_Foto_01-1-100x100.jpg 100w\" sizes=\"auto, (max-width: 150px) 100vw, 150px\" \/>\t\t\t\t\t\t\t\t<\/a>\n\t\t\t\t\t\t\t\t\t\t\t\t\t\t\t<\/div>\n\t\t\t\t<\/div>\n\t\t\t\t<div class=\"elementor-element elementor-element-4fe3b1cd elementor-widget elementor-widget-text-editor\" data-id=\"4fe3b1cd\" data-element_type=\"widget\" data-widget_type=\"text-editor.default\">\n\t\t\t\t<div class=\"elementor-widget-container\">\n\t\t\t\t\t\t\t<p><!-- wp:separator --><\/p>\n<p><!-- \/wp:separator --><\/p>\n<p><strong style=\"color: #7a7a7a;\">Erdbeben &#8211; st\u00fcrzt unser Haus ein?<\/strong><br style=\"color: #7a7a7a;\" \/><span style=\"color: #7a7a7a;\">Versuch zur Standfestigkeit vn Geb\u00e4uden. Wie verhalten sich Geb\u00e4ude mit verschiedenen Fundamenten im Erdbebenfall.<\/span><\/p>\n<p><a href=\"https:\/\/elideutsch.nuw.rptu.de\/wp-content\/uploads\/2019\/03\/008-eli-Warum-wird-Boden-weggewaschen-1.pdf\" target=\"_blank\" rel=\"noopener noreferrer\"><strong><a href=\"https:\/\/elideutsch.nuw.rptu.de\/wp-content\/uploads\/2018\/12\/001-eli-erdbeben-stuerzt-unser-haus-ein-1.pdf\" target=\"_blank\" rel=\"noopener noreferrer\">PDF der Idee<\/a><\/strong><\/a><\/p>\n<p><!-- \/wp:uagb\/container --><\/p>\t\t\t\t\t\t<\/div>\n\t\t\t\t<\/div>\n\t\t\t\t\t<\/div>\n\t\t\t\t<\/div>\n\t\t<div class=\"elementor-element elementor-element-93b7559 e-flex e-con-boxed e-con\" data-id=\"93b7559\" data-element_type=\"container\" data-settings=\"{&quot;content_width&quot;:&quot;boxed&quot;}\">\n\t\t\t\t\t<div class=\"e-con-inner\">\n\t\t\t\t\t<\/div>\n\t\t\t\t<\/div>\n\t\t<div class=\"elementor-element elementor-element-450acca0 e-flex e-con-boxed e-con\" data-id=\"450acca0\" data-element_type=\"container\" data-settings=\"{&quot;content_width&quot;:&quot;boxed&quot;}\">\n\t\t\t\t\t<div class=\"e-con-inner\">\n\t\t\t\t<div class=\"elementor-element elementor-element-359f67bf elementor-widget elementor-widget-image\" data-id=\"359f67bf\" data-element_type=\"widget\" data-widget_type=\"image.default\">\n\t\t\t\t<div class=\"elementor-widget-container\">\n\t\t\t\t\t\t\t\t\t\t\t\t\t\t\t\t<a href=\"https:\/\/elideutsch.nuw.rptu.de\/wp-content\/uploads\/2019\/06\/ELI_050_Foto_02-1-scaled.jpg\" data-elementor-open-lightbox=\"no\">\n\t\t\t\t\t\t\t<img loading=\"lazy\" decoding=\"async\" width=\"150\" height=\"150\" src=\"https:\/\/elideutsch.nuw.rptu.de\/wp-content\/uploads\/2019\/06\/ELI_050_Foto_02-1-150x150.jpg\" class=\"attachment-thumbnail size-thumbnail wp-image-666\" alt=\"\" srcset=\"https:\/\/elideutsch.nuw.rptu.de\/wp-content\/uploads\/2019\/06\/ELI_050_Foto_02-1-150x150.jpg 150w, https:\/\/elideutsch.nuw.rptu.de\/wp-content\/uploads\/2019\/06\/ELI_050_Foto_02-1-100x100.jpg 100w\" sizes=\"auto, (max-width: 150px) 100vw, 150px\" \/>\t\t\t\t\t\t\t\t<\/a>\n\t\t\t\t\t\t\t\t\t\t\t\t\t\t\t<\/div>\n\t\t\t\t<\/div>\n\t\t\t\t<div class=\"elementor-element elementor-element-1045e4c0 elementor-widget elementor-widget-text-editor\" data-id=\"1045e4c0\" data-element_type=\"widget\" data-widget_type=\"text-editor.default\">\n\t\t\t\t<div class=\"elementor-widget-container\">\n\t\t\t\t\t\t\t<p><!-- wp:separator --><\/p>\n<p><!-- \/wp:separator --><\/p>\n<p><strong style=\"color: #7a7a7a;\">Es wackelt, aber es r\u00fchrt sich nichts?<\/strong><br style=\"color: #7a7a7a;\" \/><span style=\"color: #7a7a7a;\">Wie Erdbeben Geb\u00e4ude beeinflussen.<\/span><\/p>\n<p><a href=\"https:\/\/elideutsch.nuw.rptu.de\/wp-content\/uploads\/2019\/03\/008-eli-Warum-wird-Boden-weggewaschen-1.pdf\" target=\"_blank\" rel=\"noopener noreferrer\"><strong><a href=\"https:\/\/elideutsch.nuw.rptu.de\/wp-content\/uploads\/2019\/06\/050-eli-Es-wackelt-1.pdf\" target=\"_blank\" rel=\"noopener noreferrer\">PDF der Idee<\/a><\/strong><\/a><\/p>\n<p><!-- \/wp:uagb\/container --><\/p>\t\t\t\t\t\t<\/div>\n\t\t\t\t<\/div>\n\t\t\t\t\t<\/div>\n\t\t\t\t<\/div>\n\t\t<div class=\"elementor-element elementor-element-47e6f11 e-flex e-con-boxed e-con\" data-id=\"47e6f11\" data-element_type=\"container\" data-settings=\"{&quot;content_width&quot;:&quot;boxed&quot;}\">\n\t\t\t\t\t<div class=\"e-con-inner\">\n\t\t\t\t\t<\/div>\n\t\t\t\t<\/div>\n\t\t<div class=\"elementor-element elementor-element-f99a650 e-flex e-con-boxed e-con\" data-id=\"f99a650\" data-element_type=\"container\" data-settings=\"{&quot;content_width&quot;:&quot;boxed&quot;}\">\n\t\t\t\t\t<div class=\"e-con-inner\">\n\t\t\t\t<div class=\"elementor-element elementor-element-2324f0ee elementor-widget elementor-widget-image\" data-id=\"2324f0ee\" data-element_type=\"widget\" data-widget_type=\"image.default\">\n\t\t\t\t<div class=\"elementor-widget-container\">\n\t\t\t\t\t\t\t\t\t\t\t\t\t\t\t\t<a href=\"https:\/\/elideutsch.nuw.rptu.de\/wp-content\/uploads\/2019\/06\/ELI_058_Foto_03-e1560506244545-1.png\" data-elementor-open-lightbox=\"no\">\n\t\t\t\t\t\t\t<img loading=\"lazy\" decoding=\"async\" width=\"150\" height=\"150\" src=\"https:\/\/elideutsch.nuw.rptu.de\/wp-content\/uploads\/2019\/06\/ELI_058_Foto_03-e1560506244545-1-150x150.png\" class=\"attachment-thumbnail size-thumbnail wp-image-813\" alt=\"\" srcset=\"https:\/\/elideutsch.nuw.rptu.de\/wp-content\/uploads\/2019\/06\/ELI_058_Foto_03-e1560506244545-1-150x150.png 150w, https:\/\/elideutsch.nuw.rptu.de\/wp-content\/uploads\/2019\/06\/ELI_058_Foto_03-e1560506244545-1-100x100.png 100w\" sizes=\"auto, (max-width: 150px) 100vw, 150px\" \/>\t\t\t\t\t\t\t\t<\/a>\n\t\t\t\t\t\t\t\t\t\t\t\t\t\t\t<\/div>\n\t\t\t\t<\/div>\n\t\t\t\t<div class=\"elementor-element elementor-element-41cec9e0 elementor-widget elementor-widget-text-editor\" data-id=\"41cec9e0\" data-element_type=\"widget\" data-widget_type=\"text-editor.default\">\n\t\t\t\t<div class=\"elementor-widget-container\">\n\t\t\t\t\t\t\t<p><!-- \/wp:separator --><\/p>\n<p><strong style=\"color: #7a7a7a;\">Geo-Schiffe versenken?<\/strong><br style=\"color: #7a7a7a;\" \/><span style=\"color: #7a7a7a;\">Stimmen Erdbeben- und Vulkangebiete \u00fcberein?<\/span><\/p>\n<p><a href=\"https:\/\/elideutsch.nuw.rptu.de\/wp-content\/uploads\/2025\/07\/058-eli-Geo-Schiffe-versenken_2.pdf\"><strong>PDF der Idee<\/strong><\/a><\/p>\n<p><!-- \/wp:uagb\/container --><\/p>\t\t\t\t\t\t<\/div>\n\t\t\t\t<\/div>\n\t\t\t\t\t<\/div>\n\t\t\t\t<\/div>\n\t\t\t\t\t\t\t<\/div>\n\t\t","protected":false},"excerpt":{"rendered":"<p>Erdbebenvorhersage &#8211; Wann wird die Erde beben?Modellierung der Entstehung von Spannungen und deren pl\u00f6tzlichen Entladungen in der Erde, was Erdbeben verursacht. PDF der Idee Erdbeben &#8211; st\u00fcrzt unser Haus ein?Versuch zur Standfestigkeit vn Geb\u00e4uden. Wie verhalten sich Geb\u00e4ude mit verschiedenen Fundamenten im Erdbebenfall. PDF der Idee Es wackelt, aber es r\u00fchrt sich nichts?Wie Erdbeben Geb\u00e4ude&hellip;&nbsp;<a href=\"https:\/\/elideutsch.nuw.rptu.de\/?page_id=96\" class=\"\" rel=\"bookmark\">Weiterlesen &raquo;<span class=\"screen-reader-text\">Erdbeben<\/span><\/a><\/p>\n","protected":false},"author":2,"featured_media":0,"parent":0,"menu_order":0,"comment_status":"closed","ping_status":"closed","template":"","meta":{"neve_meta_sidebar":"","neve_meta_container":"","neve_meta_enable_content_width":"","neve_meta_content_width":0,"neve_meta_title_alignment":"","neve_meta_author_avatar":"","neve_post_elements_order":"","neve_meta_disable_header":"","neve_meta_disable_footer":"","neve_meta_disable_title":"","footnotes":""},"class_list":["post-96","page","type-page","status-publish","hentry"],"_links":{"self":[{"href":"https:\/\/elideutsch.nuw.rptu.de\/index.php?rest_route=\/wp\/v2\/pages\/96","targetHints":{"allow":["GET"]}}],"collection":[{"href":"https:\/\/elideutsch.nuw.rptu.de\/index.php?rest_route=\/wp\/v2\/pages"}],"about":[{"href":"https:\/\/elideutsch.nuw.rptu.de\/index.php?rest_route=\/wp\/v2\/types\/page"}],"author":[{"embeddable":true,"href":"https:\/\/elideutsch.nuw.rptu.de\/index.php?rest_route=\/wp\/v2\/users\/2"}],"replies":[{"embeddable":true,"href":"https:\/\/elideutsch.nuw.rptu.de\/index.php?rest_route=%2Fwp%2Fv2%2Fcomments&post=96"}],"version-history":[{"count":29,"href":"https:\/\/elideutsch.nuw.rptu.de\/index.php?rest_route=\/wp\/v2\/pages\/96\/revisions"}],"predecessor-version":[{"id":2923,"href":"https:\/\/elideutsch.nuw.rptu.de\/index.php?rest_route=\/wp\/v2\/pages\/96\/revisions\/2923"}],"wp:attachment":[{"href":"https:\/\/elideutsch.nuw.rptu.de\/index.php?rest_route=%2Fwp%2Fv2%2Fmedia&parent=96"}],"curies":[{"name":"wp","href":"https:\/\/api.w.org\/{rel}","templated":true}]}}